{"id":144,"date":"2025-05-31T09:48:54","date_gmt":"2025-05-31T12:48:54","guid":{"rendered":"https:\/\/worldwide-elections.org\/?page_id=144"},"modified":"2025-06-08T15:04:29","modified_gmt":"2025-06-08T18:04:29","slug":"contribuir","status":"publish","type":"page","link":"https:\/\/worldwide-elections.org\/es\/contribuir\/","title":{"rendered":"Contribuir"},"content":{"rendered":"<div class=\"wp-block-columns is-layout-flex wp-container-core-columns-is-layout-9d6595d7 wp-block-columns-is-layout-flex\">\n<div class=\"wp-block-column is-vertically-aligned-center is-layout-flow wp-block-column-is-layout-flow\">\n<figure class=\"wp-block-image size-full\"><img loading=\"lazy\" decoding=\"async\" width=\"642\" height=\"532\" src=\"https:\/\/worldwide-elections.org\/wp-content\/uploads\/2025\/06\/contribuia-img.jpg\" alt=\"\" class=\"wp-image-318\" srcset=\"https:\/\/worldwide-elections.org\/wp-content\/uploads\/2025\/06\/contribuia-img.jpg 642w, https:\/\/worldwide-elections.org\/wp-content\/uploads\/2025\/06\/contribuia-img-300x249.jpg 300w\" sizes=\"auto, (max-width: 642px) 100vw, 642px\" \/><\/figure>\n<\/div>\n\n\n\n<div class=\"wp-block-column is-vertically-aligned-center is-layout-flow wp-block-column-is-layout-flow\">\n<h2 class=\"wp-block-heading mb-5\"><strong>Fortalecer la <mark style=\"background-color:rgba(0, 0, 0, 0);color:#fc9200\" class=\"has-inline-color\">democracia<\/mark>\u00a1Contribuye a! <mark style=\"background-color:rgba(0, 0, 0, 0);color:#fc9200\" class=\"has-inline-color\">elecciones <\/mark>m\u00e1s <mark style=\"background-color:rgba(0, 0, 0, 0);color:#fc9200\" class=\"has-inline-color\">transparente<\/mark>.<\/strong><\/h2>\n\n\n\n<p>Su contribuci\u00f3n es esencial para nuestra continua promoci\u00f3n de la integridad, la transparencia y la observaci\u00f3n imparcial de los procesos electorales en todo el mundo. Con su ayuda, podemos realizar misiones de observaci\u00f3n, elaborar informes t\u00e9cnicos, ofrecer capacitaci\u00f3n y ampliar el conocimiento sobre las mejores pr\u00e1cticas democr\u00e1ticas.<\/p>\n\n\n\n<p>Al apoyar las Elecciones Mundiales, fortaleces la participaci\u00f3n ciudadana, proteges los valores democr\u00e1ticos y nos ayudas a garantizar que m\u00e1s personas, en diferentes pa\u00edses, tengan acceso a elecciones libres, justas y transparentes. \u00a1\u00danete a nosotros en esta misi\u00f3n y contribuye a la construcci\u00f3n de un mundo m\u00e1s democr\u00e1tico!<\/p>\n<\/div>\n<\/div>","protected":false},"excerpt":{"rendered":"<p>Fortale\u00e7a a democracia! Contribua para elei\u00e7\u00f5es mais transparentes. Sua contribui\u00e7\u00e3o \u00e9 fundamental para que possamos continuar promovendo a integridade, a transpar\u00eancia e a observa\u00e7\u00e3o imparcial dos processos eleitorais ao redor do mundo. Com sua ajuda, conseguimos realizar miss\u00f5es de observa\u00e7\u00e3o, produzir relat\u00f3rios t\u00e9cnicos, oferecer capacita\u00e7\u00f5es e ampliar o conhecimento sobre as melhores pr\u00e1ticas democr\u00e1ticas. Ao [&hellip;]<\/p>","protected":false},"author":1,"featured_media":0,"parent":0,"menu_order":0,"comment_status":"closed","ping_status":"closed","template":"","meta":{"_acf_changed":false,"inline_featured_image":false,"footnotes":""},"class_list":["post-144","page","type-page","status-publish","hentry"],"acf":[],"yoast_head":"<!-- This site is optimized with the Yoast SEO plugin v27.5 - https:\/\/yoast.com\/product\/yoast-seo-wordpress\/ -->\n<title>Contribua - Worldwide Elections<\/title>\n<meta name=\"robots\" content=\"index, follow, max-snippet:-1, max-image-preview:large, max-video-preview:-1\" \/>\n<link rel=\"canonical\" href=\"https:\/\/worldwide-elections.org\/es\/contribuir\/\" \/>\n<meta property=\"og:locale\" content=\"es_ES\" \/>\n<meta property=\"og:type\" content=\"article\" \/>\n<meta property=\"og:title\" content=\"Contribua - Worldwide Elections\" \/>\n<meta property=\"og:description\" content=\"Fortale\u00e7a a democracia! Contribua para elei\u00e7\u00f5es mais transparentes. Sua contribui\u00e7\u00e3o \u00e9 fundamental para que possamos continuar promovendo a integridade, a transpar\u00eancia e a observa\u00e7\u00e3o imparcial dos processos eleitorais ao redor do mundo. Com sua ajuda, conseguimos realizar miss\u00f5es de observa\u00e7\u00e3o, produzir relat\u00f3rios t\u00e9cnicos, oferecer capacita\u00e7\u00f5es e ampliar o conhecimento sobre as melhores pr\u00e1ticas democr\u00e1ticas. Ao [&hellip;]\" \/>\n<meta property=\"og:url\" content=\"https:\/\/worldwide-elections.org\/es\/contribuir\/\" \/>\n<meta property=\"og:site_name\" content=\"Worldwide Elections\" \/>\n<meta property=\"article:modified_time\" content=\"2025-06-08T18:04:29+00:00\" \/>\n<meta property=\"og:image\" content=\"https:\/\/worldwide-elections.org\/wp-content\/uploads\/2025\/06\/contribuia-img.jpg\" \/>\n<meta name=\"twitter:card\" content=\"summary_large_image\" \/>\n<meta name=\"twitter:label1\" content=\"Tiempo de lectura\" \/>\n\t<meta name=\"twitter:data1\" content=\"1 minuto\" \/>\n<script type=\"application\/ld+json\" class=\"yoast-schema-graph\">{\"@context\":\"https:\\\/\\\/schema.org\",\"@graph\":[{\"@type\":\"WebPage\",\"@id\":\"https:\\\/\\\/worldwide-elections.org\\\/en\\\/contribute\\\/\",\"url\":\"https:\\\/\\\/worldwide-elections.org\\\/en\\\/contribute\\\/\",\"name\":\"Contribua - Worldwide Elections\",\"isPartOf\":{\"@id\":\"https:\\\/\\\/worldwide-elections.org\\\/en\\\/#website\"},\"primaryImageOfPage\":{\"@id\":\"https:\\\/\\\/worldwide-elections.org\\\/en\\\/contribute\\\/#primaryimage\"},\"image\":{\"@id\":\"https:\\\/\\\/worldwide-elections.org\\\/en\\\/contribute\\\/#primaryimage\"},\"thumbnailUrl\":\"https:\\\/\\\/worldwide-elections.org\\\/wp-content\\\/uploads\\\/2025\\\/06\\\/contribuia-img.jpg\",\"datePublished\":\"2025-05-31T12:48:54+00:00\",\"dateModified\":\"2025-06-08T18:04:29+00:00\",\"breadcrumb\":{\"@id\":\"https:\\\/\\\/worldwide-elections.org\\\/en\\\/contribute\\\/#breadcrumb\"},\"inLanguage\":\"es-AR\",\"potentialAction\":[{\"@type\":\"ReadAction\",\"target\":[\"https:\\\/\\\/worldwide-elections.org\\\/en\\\/contribute\\\/\"]}]},{\"@type\":\"ImageObject\",\"inLanguage\":\"es-AR\",\"@id\":\"https:\\\/\\\/worldwide-elections.org\\\/en\\\/contribute\\\/#primaryimage\",\"url\":\"https:\\\/\\\/worldwide-elections.org\\\/wp-content\\\/uploads\\\/2025\\\/06\\\/contribuia-img.jpg\",\"contentUrl\":\"https:\\\/\\\/worldwide-elections.org\\\/wp-content\\\/uploads\\\/2025\\\/06\\\/contribuia-img.jpg\"},{\"@type\":\"BreadcrumbList\",\"@id\":\"https:\\\/\\\/worldwide-elections.org\\\/en\\\/contribute\\\/#breadcrumb\",\"itemListElement\":[{\"@type\":\"ListItem\",\"position\":1,\"name\":\"Home\",\"item\":\"https:\\\/\\\/worldwide-elections.org\\\/en\\\/\"},{\"@type\":\"ListItem\",\"position\":2,\"name\":\"Contribua\"}]},{\"@type\":\"WebSite\",\"@id\":\"https:\\\/\\\/worldwide-elections.org\\\/en\\\/#website\",\"url\":\"https:\\\/\\\/worldwide-elections.org\\\/en\\\/\",\"name\":\"Worldwide Elections\",\"description\":\"Monitoring elections, strengthening democracies.\",\"potentialAction\":[{\"@type\":\"SearchAction\",\"target\":{\"@type\":\"EntryPoint\",\"urlTemplate\":\"https:\\\/\\\/worldwide-elections.org\\\/en\\\/?s={search_term_string}\"},\"query-input\":{\"@type\":\"PropertyValueSpecification\",\"valueRequired\":true,\"valueName\":\"search_term_string\"}}],\"inLanguage\":\"es-AR\"}]}<\/script>\n<!-- \/ Yoast SEO plugin. -->","yoast_head_json":{"title":"Contribuir - Worldwide Elections","robots":{"index":"index","follow":"follow","max-snippet":"max-snippet:-1","max-image-preview":"max-image-preview:large","max-video-preview":"max-video-preview:-1"},"canonical":"https:\/\/worldwide-elections.org\/es\/contribuir\/","og_locale":"es_ES","og_type":"article","og_title":"Contribua - Worldwide Elections","og_description":"Fortale\u00e7a a democracia! Contribua para elei\u00e7\u00f5es mais transparentes. Sua contribui\u00e7\u00e3o \u00e9 fundamental para que possamos continuar promovendo a integridade, a transpar\u00eancia e a observa\u00e7\u00e3o imparcial dos processos eleitorais ao redor do mundo. Com sua ajuda, conseguimos realizar miss\u00f5es de observa\u00e7\u00e3o, produzir relat\u00f3rios t\u00e9cnicos, oferecer capacita\u00e7\u00f5es e ampliar o conhecimento sobre as melhores pr\u00e1ticas democr\u00e1ticas. Ao [&hellip;]","og_url":"https:\/\/worldwide-elections.org\/es\/contribuir\/","og_site_name":"Worldwide Elections","article_modified_time":"2025-06-08T18:04:29+00:00","og_image":[{"url":"https:\/\/worldwide-elections.org\/wp-content\/uploads\/2025\/06\/contribuia-img.jpg","type":"","width":"","height":""}],"twitter_card":"summary_large_image","twitter_misc":{"Tiempo de lectura":"1 minuto"},"schema":{"@context":"https:\/\/schema.org","@graph":[{"@type":"WebPage","@id":"https:\/\/worldwide-elections.org\/en\/contribute\/","url":"https:\/\/worldwide-elections.org\/en\/contribute\/","name":"Contribuir - Worldwide Elections","isPartOf":{"@id":"https:\/\/worldwide-elections.org\/en\/#website"},"primaryImageOfPage":{"@id":"https:\/\/worldwide-elections.org\/en\/contribute\/#primaryimage"},"image":{"@id":"https:\/\/worldwide-elections.org\/en\/contribute\/#primaryimage"},"thumbnailUrl":"https:\/\/worldwide-elections.org\/wp-content\/uploads\/2025\/06\/contribuia-img.jpg","datePublished":"2025-05-31T12:48:54+00:00","dateModified":"2025-06-08T18:04:29+00:00","breadcrumb":{"@id":"https:\/\/worldwide-elections.org\/en\/contribute\/#breadcrumb"},"inLanguage":"es-AR","potentialAction":[{"@type":"ReadAction","target":["https:\/\/worldwide-elections.org\/en\/contribute\/"]}]},{"@type":"ImageObject","inLanguage":"es-AR","@id":"https:\/\/worldwide-elections.org\/en\/contribute\/#primaryimage","url":"https:\/\/worldwide-elections.org\/wp-content\/uploads\/2025\/06\/contribuia-img.jpg","contentUrl":"https:\/\/worldwide-elections.org\/wp-content\/uploads\/2025\/06\/contribuia-img.jpg"},{"@type":"BreadcrumbList","@id":"https:\/\/worldwide-elections.org\/en\/contribute\/#breadcrumb","itemListElement":[{"@type":"ListItem","position":1,"name":"Home","item":"https:\/\/worldwide-elections.org\/en\/"},{"@type":"ListItem","position":2,"name":"Contribua"}]},{"@type":"WebSite","@id":"https:\/\/worldwide-elections.org\/en\/#website","url":"https:\/\/worldwide-elections.org\/en\/","name":"Worldwide Elections","description":"Monitorear elecciones, fortalecer las democracias.","potentialAction":[{"@type":"SearchAction","target":{"@type":"EntryPoint","urlTemplate":"https:\/\/worldwide-elections.org\/en\/?s={search_term_string}"},"query-input":{"@type":"PropertyValueSpecification","valueRequired":true,"valueName":"search_term_string"}}],"inLanguage":"es-AR"}]}},"_links":{"self":[{"href":"https:\/\/worldwide-elections.org\/es\/wp-json\/wp\/v2\/pages\/144","targetHints":{"allow":["GET"]}}],"collection":[{"href":"https:\/\/worldwide-elections.org\/es\/wp-json\/wp\/v2\/pages"}],"about":[{"href":"https:\/\/worldwide-elections.org\/es\/wp-json\/wp\/v2\/types\/page"}],"author":[{"embeddable":true,"href":"https:\/\/worldwide-elections.org\/es\/wp-json\/wp\/v2\/users\/1"}],"replies":[{"embeddable":true,"href":"https:\/\/worldwide-elections.org\/es\/wp-json\/wp\/v2\/comments?post=144"}],"version-history":[{"count":18,"href":"https:\/\/worldwide-elections.org\/es\/wp-json\/wp\/v2\/pages\/144\/revisions"}],"predecessor-version":[{"id":367,"href":"https:\/\/worldwide-elections.org\/es\/wp-json\/wp\/v2\/pages\/144\/revisions\/367"}],"wp:attachment":[{"href":"https:\/\/worldwide-elections.org\/es\/wp-json\/wp\/v2\/media?parent=144"}],"curies":[{"name":"wp","href":"https:\/\/api.w.org\/{rel}","templated":true}]}}