{"id":119,"date":"2025-05-30T14:46:52","date_gmt":"2025-05-30T17:46:52","guid":{"rendered":"https:\/\/worldwide-elections.org\/?page_id=119"},"modified":"2025-06-08T19:17:34","modified_gmt":"2025-06-08T22:17:34","slug":"nuestras-actividades","status":"publish","type":"page","link":"https:\/\/worldwide-elections.org\/es\/nuestras-actividades\/","title":{"rendered":"Nuestras actividades"},"content":{"rendered":"<div class=\"wp-block-columns is-layout-flex wp-container-core-columns-is-layout-9d6595d7 wp-block-columns-is-layout-flex\">\n<div class=\"wp-block-column is-layout-flow wp-block-column-is-layout-flow\">\n<h2 class=\"wp-block-heading\"><strong>Democracias m\u00e1s fuertes, elecciones m\u00e1s justas.<\/strong><\/h2>\n<\/div>\n\n\n\n<div class=\"wp-block-column is-layout-flow wp-block-column-is-layout-flow\">\n<p><br><\/p>\n<\/div>\n<\/div>\n\n\n\n<p><\/p>\n\n\n\n<p><strong>Nos unimos<\/strong>\u00a0naciones,\u00a0<strong>Nosotros inspiramos<\/strong>\u00a0l\u00edderes y\u00a0<strong>nosotros defendemos<\/strong>\u00a0La integridad de las elecciones para fortalecer\u00a0<strong>democracias<\/strong>\u00a0m\u00e1s justa, inclusiva e innovadora\u00a0<strong>por todo el mundo<\/strong>.<\/p>\n\n\n\n<p>Promovemos la integridad democr\u00e1tica a trav\u00e9s de <strong>observaci\u00f3n electoral internacional<\/strong>, <strong>publicaci\u00f3n de informes anal\u00edticos<\/strong> y <strong>capacitaci\u00f3n de l\u00edderes y observadores electorales<\/strong>Operamos en diferentes pa\u00edses y contextos, monitoreando procesos electorales, documentando buenas pr\u00e1cticas y fortaleciendo la transparencia y la confianza p\u00fablica.<\/p>\n\n\n\n<p>Adem\u00e1s, realizamos <strong>investigaci\u00f3n sobre innovaci\u00f3n electoral<\/strong>, siguiendo tecnolog\u00edas como el voto en l\u00ednea y la biometr\u00eda, siempre priorizando la seguridad y la accesibilidad. Tambi\u00e9n animamos <strong>intercambio global<\/strong>, participando en eventos y promoviendo la cooperaci\u00f3n entre instituciones, gobiernos y ciudadan\u00eda en favor de unas elecciones m\u00e1s justas e inclusivas.<\/p>","protected":false},"excerpt":{"rendered":"<p>Democracias mais fortes, elei\u00e7\u00f5es mais justas. Unimos\u00a0na\u00e7\u00f5es,\u00a0inspiramos\u00a0l\u00edderes e\u00a0defendemos\u00a0a integridade das elei\u00e7\u00f5es para fortalecer\u00a0democracias\u00a0mais justas, inclusivas e inovadoras\u00a0em todo o mundo. Promovemos a integridade democr\u00e1tica atrav\u00e9s da observa\u00e7\u00e3o internacional de elei\u00e7\u00f5es, publica\u00e7\u00e3o de relat\u00f3rios anal\u00edticos e forma\u00e7\u00e3o de l\u00edderes e observadores eleitorais. Atuamos em diferentes pa\u00edses e contextos, monitorando processos eleitorais, documentando boas pr\u00e1ticas e fortalecendo [&hellip;]<\/p>","protected":false},"author":1,"featured_media":0,"parent":0,"menu_order":0,"comment_status":"closed","ping_status":"closed","template":"","meta":{"_acf_changed":false,"inline_featured_image":false,"footnotes":""},"class_list":["post-119","page","type-page","status-publish","hentry"],"acf":[],"yoast_head":"<!-- This site is optimized with the Yoast SEO plugin v27.5 - https:\/\/yoast.com\/product\/yoast-seo-wordpress\/ -->\n<title>Nossas Atividades - Worldwide Elections<\/title>\n<meta name=\"robots\" content=\"index, follow, max-snippet:-1, max-image-preview:large, max-video-preview:-1\" \/>\n<link rel=\"canonical\" href=\"https:\/\/worldwide-elections.org\/es\/nuestras-actividades\/\" \/>\n<meta property=\"og:locale\" content=\"es_ES\" \/>\n<meta property=\"og:type\" content=\"article\" \/>\n<meta property=\"og:title\" content=\"Nossas Atividades - Worldwide Elections\" \/>\n<meta property=\"og:description\" content=\"Democracias mais fortes, elei\u00e7\u00f5es mais justas. Unimos\u00a0na\u00e7\u00f5es,\u00a0inspiramos\u00a0l\u00edderes e\u00a0defendemos\u00a0a integridade das elei\u00e7\u00f5es para fortalecer\u00a0democracias\u00a0mais justas, inclusivas e inovadoras\u00a0em todo o mundo. Promovemos a integridade democr\u00e1tica atrav\u00e9s da observa\u00e7\u00e3o internacional de elei\u00e7\u00f5es, publica\u00e7\u00e3o de relat\u00f3rios anal\u00edticos e forma\u00e7\u00e3o de l\u00edderes e observadores eleitorais. Atuamos em diferentes pa\u00edses e contextos, monitorando processos eleitorais, documentando boas pr\u00e1ticas e fortalecendo [&hellip;]\" \/>\n<meta property=\"og:url\" content=\"https:\/\/worldwide-elections.org\/es\/nuestras-actividades\/\" \/>\n<meta property=\"og:site_name\" content=\"Worldwide Elections\" \/>\n<meta property=\"article:modified_time\" content=\"2025-06-08T22:17:34+00:00\" \/>\n<meta name=\"twitter:card\" content=\"summary_large_image\" \/>\n<meta name=\"twitter:label1\" content=\"Tiempo de lectura\" \/>\n\t<meta name=\"twitter:data1\" content=\"1 minuto\" \/>\n<script type=\"application\/ld+json\" class=\"yoast-schema-graph\">{\"@context\":\"https:\\\/\\\/schema.org\",\"@graph\":[{\"@type\":\"WebPage\",\"@id\":\"https:\\\/\\\/worldwide-elections.org\\\/en\\\/our-activities\\\/\",\"url\":\"https:\\\/\\\/worldwide-elections.org\\\/en\\\/our-activities\\\/\",\"name\":\"Nossas Atividades - Worldwide Elections\",\"isPartOf\":{\"@id\":\"https:\\\/\\\/worldwide-elections.org\\\/en\\\/#website\"},\"datePublished\":\"2025-05-30T17:46:52+00:00\",\"dateModified\":\"2025-06-08T22:17:34+00:00\",\"breadcrumb\":{\"@id\":\"https:\\\/\\\/worldwide-elections.org\\\/en\\\/our-activities\\\/#breadcrumb\"},\"inLanguage\":\"es-AR\",\"potentialAction\":[{\"@type\":\"ReadAction\",\"target\":[\"https:\\\/\\\/worldwide-elections.org\\\/en\\\/our-activities\\\/\"]}]},{\"@type\":\"BreadcrumbList\",\"@id\":\"https:\\\/\\\/worldwide-elections.org\\\/en\\\/our-activities\\\/#breadcrumb\",\"itemListElement\":[{\"@type\":\"ListItem\",\"position\":1,\"name\":\"Home\",\"item\":\"https:\\\/\\\/worldwide-elections.org\\\/en\\\/\"},{\"@type\":\"ListItem\",\"position\":2,\"name\":\"Nossas Atividades\"}]},{\"@type\":\"WebSite\",\"@id\":\"https:\\\/\\\/worldwide-elections.org\\\/en\\\/#website\",\"url\":\"https:\\\/\\\/worldwide-elections.org\\\/en\\\/\",\"name\":\"Worldwide Elections\",\"description\":\"Monitoring elections, strengthening democracies.\",\"potentialAction\":[{\"@type\":\"SearchAction\",\"target\":{\"@type\":\"EntryPoint\",\"urlTemplate\":\"https:\\\/\\\/worldwide-elections.org\\\/en\\\/?s={search_term_string}\"},\"query-input\":{\"@type\":\"PropertyValueSpecification\",\"valueRequired\":true,\"valueName\":\"search_term_string\"}}],\"inLanguage\":\"es-AR\"}]}<\/script>\n<!-- \/ Yoast SEO plugin. -->","yoast_head_json":{"title":"Nuestras Actividades - Worldwide Elections","robots":{"index":"index","follow":"follow","max-snippet":"max-snippet:-1","max-image-preview":"max-image-preview:large","max-video-preview":"max-video-preview:-1"},"canonical":"https:\/\/worldwide-elections.org\/es\/nuestras-actividades\/","og_locale":"es_ES","og_type":"article","og_title":"Nossas Atividades - Worldwide Elections","og_description":"Democracias mais fortes, elei\u00e7\u00f5es mais justas. Unimos\u00a0na\u00e7\u00f5es,\u00a0inspiramos\u00a0l\u00edderes e\u00a0defendemos\u00a0a integridade das elei\u00e7\u00f5es para fortalecer\u00a0democracias\u00a0mais justas, inclusivas e inovadoras\u00a0em todo o mundo. Promovemos a integridade democr\u00e1tica atrav\u00e9s da observa\u00e7\u00e3o internacional de elei\u00e7\u00f5es, publica\u00e7\u00e3o de relat\u00f3rios anal\u00edticos e forma\u00e7\u00e3o de l\u00edderes e observadores eleitorais. Atuamos em diferentes pa\u00edses e contextos, monitorando processos eleitorais, documentando boas pr\u00e1ticas e fortalecendo [&hellip;]","og_url":"https:\/\/worldwide-elections.org\/es\/nuestras-actividades\/","og_site_name":"Worldwide Elections","article_modified_time":"2025-06-08T22:17:34+00:00","twitter_card":"summary_large_image","twitter_misc":{"Tiempo de lectura":"1 minuto"},"schema":{"@context":"https:\/\/schema.org","@graph":[{"@type":"WebPage","@id":"https:\/\/worldwide-elections.org\/en\/our-activities\/","url":"https:\/\/worldwide-elections.org\/en\/our-activities\/","name":"Nuestras Actividades - Worldwide Elections","isPartOf":{"@id":"https:\/\/worldwide-elections.org\/en\/#website"},"datePublished":"2025-05-30T17:46:52+00:00","dateModified":"2025-06-08T22:17:34+00:00","breadcrumb":{"@id":"https:\/\/worldwide-elections.org\/en\/our-activities\/#breadcrumb"},"inLanguage":"es-AR","potentialAction":[{"@type":"ReadAction","target":["https:\/\/worldwide-elections.org\/en\/our-activities\/"]}]},{"@type":"BreadcrumbList","@id":"https:\/\/worldwide-elections.org\/en\/our-activities\/#breadcrumb","itemListElement":[{"@type":"ListItem","position":1,"name":"Home","item":"https:\/\/worldwide-elections.org\/en\/"},{"@type":"ListItem","position":2,"name":"Nossas Atividades"}]},{"@type":"WebSite","@id":"https:\/\/worldwide-elections.org\/en\/#website","url":"https:\/\/worldwide-elections.org\/en\/","name":"Worldwide Elections","description":"Monitorear elecciones, fortalecer las democracias.","potentialAction":[{"@type":"SearchAction","target":{"@type":"EntryPoint","urlTemplate":"https:\/\/worldwide-elections.org\/en\/?s={search_term_string}"},"query-input":{"@type":"PropertyValueSpecification","valueRequired":true,"valueName":"search_term_string"}}],"inLanguage":"es-AR"}]}},"_links":{"self":[{"href":"https:\/\/worldwide-elections.org\/es\/wp-json\/wp\/v2\/pages\/119","targetHints":{"allow":["GET"]}}],"collection":[{"href":"https:\/\/worldwide-elections.org\/es\/wp-json\/wp\/v2\/pages"}],"about":[{"href":"https:\/\/worldwide-elections.org\/es\/wp-json\/wp\/v2\/types\/page"}],"author":[{"embeddable":true,"href":"https:\/\/worldwide-elections.org\/es\/wp-json\/wp\/v2\/users\/1"}],"replies":[{"embeddable":true,"href":"https:\/\/worldwide-elections.org\/es\/wp-json\/wp\/v2\/comments?post=119"}],"version-history":[{"count":10,"href":"https:\/\/worldwide-elections.org\/es\/wp-json\/wp\/v2\/pages\/119\/revisions"}],"predecessor-version":[{"id":374,"href":"https:\/\/worldwide-elections.org\/es\/wp-json\/wp\/v2\/pages\/119\/revisions\/374"}],"wp:attachment":[{"href":"https:\/\/worldwide-elections.org\/es\/wp-json\/wp\/v2\/media?parent=119"}],"curies":[{"name":"wp","href":"https:\/\/api.w.org\/{rel}","templated":true}]}}